{"id":108,"date":"2024-07-09T00:17:38","date_gmt":"2024-07-09T00:17:38","guid":{"rendered":"https:\/\/beyondborders.chadhz.com\/?page_id=108"},"modified":"2024-07-09T03:07:19","modified_gmt":"2024-07-09T03:07:19","slug":"resources","status":"publish","type":"page","link":"https:\/\/beyondborders.chadhz.com\/index.php\/resources\/","title":{"rendered":"Resources"},"content":{"rendered":"<br \/>\n<h1 style=\"\"><a href=\"https:\/\/agrisea.co.nz\/index.php\/about\/our-projects\/rere-ki-uta-rere-ki-tai\/hono-connect\/\" style=\"outline: none;\">Resources<\/a><\/h1>\n<p style=\"\">Who are we<\/p>\n<h2 style=\"\">Rere Ki Uta, Rere Ki Tai is a collaborative research project that aims to build more resilient, profitable and healthy farms for our whenua and te taiao (land and environment), wh\u0101nau (families) and farming communities across Aotearoa New Zealand.<\/h2>\n<p style=\"\">Together, our collective of M\u0101ori, conventional and organic kaimahi p\u0101mu (farmers) and researchers is sharing our knowledge, experience, and science to test ideas at the forefront of soil management. We want to know whether farming in ways that honour the mana and mauri of soil might be better for everyone, and if so, how to do it.<\/p>\n<p><span style=\"\"><img decoding=\"async\" alt=\"\" data-id=\"83\" width=\"582\" data-init-width=\"1900\" height=\"306\" data-init-height=\"1000\" title=\"Auc\" loading=\"lazy\" src=\"https:\/\/beyondborders.chadhz.com\/wp-content\/uploads\/2024\/07\/Auc.jpg\" data-width=\"582\" data-height=\"306\" style=\"\" ml-d=\"-1.906000000000006\"><\/span>   <\/p>\n<h2 style=\"text-align: center;\"><strong>Product Bonuses<\/strong><\/h2>\n<p style=\"text-align: center;\">Lorem ipsum dolor sit amet, consectetur adipisicing elit, sed duius eiusmod tempor incididunt ut labore et dolore magna prior consequat laboris aliqua.<\/p>\n<h5 style=\"text-align: center;\">BONUS #1<\/h5>\n<p>Duis aute irure dolor in reprehenderit in voluptate velit esse cillum dolore eu fugiat nulla pariatur sint occaecat cupidatat non proident.<\/p>\n<h5 style=\"text-align: center;\">BONUS #2<\/h5>\n<p>Duis aute irure dolor in reprehenderit in voluptate velit esse cillum dolore eu fugiat nulla pariatur sint occaecat cupidatat non proident.<\/p>\n<h5 style=\"text-align: center;\">BONUS #3<\/h5>\n<p>Duis aute irure dolor in reprehenderit in voluptate velit esse cillum dolore eu fugiat nulla pariatur sint occaecat cupidatat non proident.<\/p>\n<p>   __CONFIG_group_edit__{}__CONFIG_group_edit____CONFIG_local_colors__{&#8220;colors&#8221;:{&#8220;1871f&#8221;:&#8221;Royal Blue&#8221;},&#8221;gradients&#8221;:{}}__CONFIG_local_colors__  <\/p>\n<p style=\"\">Simple and easy.<\/p>\n<h2>Unique Writing Tips for More Engaging Website Content<\/h2>\n<p style=\"text-align: left;\">Lorem ipsum dolor sit amet, consectetur adipiscing elit, sed do eiusmod tempor incididunt ut labore et dolore magna aliqua.&nbsp;<\/p>\n<p>__CONFIG_colors_palette__{&#8220;active_palette&#8221;:0,&#8221;config&#8221;:{&#8220;colors&#8221;:{&#8220;55c7c&#8221;:{&#8220;name&#8221;:&#8221;Main Accent&#8221;,&#8221;parent&#8221;:-1}},&#8221;gradients&#8221;:[]},&#8221;palettes&#8221;:[{&#8220;name&#8221;:&#8221;Default Palette&#8221;,&#8221;value&#8221;:{&#8220;colors&#8221;:{&#8220;55c7c&#8221;:{&#8220;val&#8221;:&#8221;var(1871f)&#8221;}},&#8221;gradients&#8221;:[]},&#8221;original&#8221;:{&#8220;colors&#8221;:{&#8220;55c7c&#8221;:{&#8220;val&#8221;:&#8221;rgb(19, 114, 211)&#8221;,&#8221;hsl&#8221;:{&#8220;h&#8221;:210,&#8221;s&#8221;:0.83,&#8221;l&#8221;:0.45}}},&#8221;gradients&#8221;:[]}}]}__CONFIG_colors_palette__ <a href=\"https:\/\/beyondborders.chadhz.com\/index.php\/contact-us\/#free-assessment\" style=\"\" rel=\"\"> <span><span data-tcb_hover_state_parent=\"\">GET A FREE ASSESSMENT! &gt;<\/span><\/span> <\/a>  <\/p>\n","protected":false},"excerpt":{"rendered":"<p>Resources Who are we Rere Ki Uta, Rere Ki Tai is a collaborative research project that aims to build more resilient, profitable and healthy farms for our whenua and te taiao (land and environment), wh\u0101nau (families) and farming communities across Aotearoa New Zealand. Together, our collective of M\u0101ori, conventional and organic kaimahi p\u0101mu (farmers) and [&hellip;]<\/p>\n","protected":false},"author":1,"featured_media":0,"parent":0,"menu_order":0,"comment_status":"closed","ping_status":"closed","template":"","meta":{"footnotes":""},"class_list":["post-108","page","type-page","status-publish","hentry"],"_links":{"self":[{"href":"https:\/\/beyondborders.chadhz.com\/index.php\/wp-json\/wp\/v2\/pages\/108","targetHints":{"allow":["GET"]}}],"collection":[{"href":"https:\/\/beyondborders.chadhz.com\/index.php\/wp-json\/wp\/v2\/pages"}],"about":[{"href":"https:\/\/beyondborders.chadhz.com\/index.php\/wp-json\/wp\/v2\/types\/page"}],"author":[{"embeddable":true,"href":"https:\/\/beyondborders.chadhz.com\/index.php\/wp-json\/wp\/v2\/users\/1"}],"replies":[{"embeddable":true,"href":"https:\/\/beyondborders.chadhz.com\/index.php\/wp-json\/wp\/v2\/comments?post=108"}],"version-history":[{"count":3,"href":"https:\/\/beyondborders.chadhz.com\/index.php\/wp-json\/wp\/v2\/pages\/108\/revisions"}],"predecessor-version":[{"id":150,"href":"https:\/\/beyondborders.chadhz.com\/index.php\/wp-json\/wp\/v2\/pages\/108\/revisions\/150"}],"wp:attachment":[{"href":"https:\/\/beyondborders.chadhz.com\/index.php\/wp-json\/wp\/v2\/media?parent=108"}],"curies":[{"name":"wp","href":"https:\/\/api.w.org\/{rel}","templated":true}]}}